{"id":613,"date":"2025-12-01T10:36:15","date_gmt":"2025-12-01T10:36:15","guid":{"rendered":"https:\/\/chiriattiviaggi.it\/quienes-somos\/"},"modified":"2026-02-05T15:05:16","modified_gmt":"2026-02-05T15:05:16","slug":"quienes-somos","status":"publish","type":"page","link":"https:\/\/chiriattiviaggi.it\/es\/quienes-somos\/","title":{"rendered":"Qui\u00e9nes somos"},"content":{"rendered":"\t\t<div data-elementor-type=\"wp-page\" data-elementor-id=\"613\" class=\"elementor elementor-613 elementor-43\" data-elementor-post-type=\"page\">\n\t\t\t\t<div class=\"elementor-element elementor-element-b0239de e-con-full e-flex e-con e-parent\" data-id=\"b0239de\" data-element_type=\"container\" data-e-type=\"container\">\n\t\t\t\t<div class=\"elementor-element elementor-element-d404fac elementor-widget elementor-widget-video\" data-id=\"d404fac\" data-element_type=\"widget\" data-e-type=\"widget\" data-settings=\"{&quot;video_type&quot;:&quot;hosted&quot;,&quot;autoplay&quot;:&quot;yes&quot;,&quot;mute&quot;:&quot;yes&quot;,&quot;loop&quot;:&quot;yes&quot;}\" data-widget_type=\"video.default\">\n\t\t\t\t\t\t\t<div class=\"e-hosted-video elementor-wrapper elementor-open-inline\">\n\t\t\t\t\t<video class=\"elementor-video\" src=\"https:\/\/chiriattiviaggi.it\/wp-content\/uploads\/2025\/12\/2384029_Aerial_Aerial_Shot_1920x1080.mp4\" autoplay=\"\" loop=\"\" muted=\"muted\" controlsList=\"nodownload\"><\/video>\n\t\t\t\t<\/div>\n\t\t\t\t\t\t<\/div>\n\t\t\t\t<\/div>\n\t\t<div class=\"elementor-element elementor-element-7b53664 e-flex e-con-boxed e-con e-parent\" data-id=\"7b53664\" data-element_type=\"container\" data-e-type=\"container\">\n\t\t\t\t\t<div class=\"e-con-inner\">\n\t\t<div class=\"elementor-element elementor-element-9ff15aa e-con-full e-flex e-con e-child\" data-id=\"9ff15aa\" data-element_type=\"container\" data-e-type=\"container\">\n\t\t\t\t<div class=\"elementor-element elementor-element-3439a1c elementor-widget elementor-widget-heading\" data-id=\"3439a1c\" data-element_type=\"widget\" data-e-type=\"widget\" data-widget_type=\"heading.default\">\n\t\t\t\t\t<h1 class=\"elementor-heading-title elementor-size-default\">Viajes y tours<\/h1>\t\t\t\t<\/div>\n\t\t\t\t<div class=\"elementor-element elementor-element-6e2a5a0 elementor-widget elementor-widget-heading\" data-id=\"6e2a5a0\" data-element_type=\"widget\" data-e-type=\"widget\" data-widget_type=\"heading.default\">\n\t\t\t\t\t<h1 class=\"elementor-heading-title elementor-size-default\">Qui\u00e9nes somos<\/h1>\t\t\t\t<\/div>\n\t\t\t\t<div class=\"elementor-element elementor-element-f56b606 elementor-align-right elementor-widget elementor-widget-button\" data-id=\"f56b606\" data-element_type=\"widget\" data-e-type=\"widget\" data-widget_type=\"button.default\">\n\t\t\t\t\t\t\t\t\t\t<a class=\"elementor-button elementor-button-link elementor-size-sm\" href=\"https:\/\/chiriattiviaggi.it\/wp-content\/uploads\/2026\/01\/Mod_17.2-Segnalazioni-Whisteblowing.pdf\" target=\"_blank\">\n\t\t\t\t\t\t<span class=\"elementor-button-content-wrapper\">\n\t\t\t\t\t\t\t\t\t<span class=\"elementor-button-text\">Denuncias Whistleblowing<\/span>\n\t\t\t\t\t<\/span>\n\t\t\t\t\t<\/a>\n\t\t\t\t\t\t\t\t<\/div>\n\t\t\t\t<div class=\"elementor-element elementor-element-ec4261f elementor-align-right elementor-widget elementor-widget-button\" data-id=\"ec4261f\" data-element_type=\"widget\" data-e-type=\"widget\" data-widget_type=\"button.default\">\n\t\t\t\t\t\t\t\t\t\t<a class=\"elementor-button elementor-button-link elementor-size-sm\" href=\"https:\/\/chiriattiviaggi.it\/wp-content\/uploads\/2026\/01\/Mod_PLA_00_Politica-Parita\u0300-di-Genere_it.pdf\" target=\"_blank\">\n\t\t\t\t\t\t<span class=\"elementor-button-content-wrapper\">\n\t\t\t\t\t\t\t\t\t<span class=\"elementor-button-text\">Pol\u00edtica de igualdad de g\u00e9nero<\/span>\n\t\t\t\t\t<\/span>\n\t\t\t\t\t<\/a>\n\t\t\t\t\t\t\t\t<\/div>\n\t\t\t\t<div class=\"elementor-element elementor-element-775b1ba elementor-align-right elementor-widget elementor-widget-button\" data-id=\"775b1ba\" data-element_type=\"widget\" data-e-type=\"widget\" data-widget_type=\"button.default\">\n\t\t\t\t\t\t\t\t\t\t<a class=\"elementor-button elementor-button-link elementor-size-sm\" href=\"https:\/\/chiriattiviaggi.it\/wp-content\/uploads\/2026\/01\/Mod_PLA_02_Politica-Aziendale.pdf\" target=\"_blank\">\n\t\t\t\t\t\t<span class=\"elementor-button-content-wrapper\">\n\t\t\t\t\t\t\t\t\t<span class=\"elementor-button-text\">Pol\u00edtica empresarial<\/span>\n\t\t\t\t\t<\/span>\n\t\t\t\t\t<\/a>\n\t\t\t\t\t\t\t\t<\/div>\n\t\t\t\t<div class=\"elementor-element elementor-element-faa74e4 elementor-align-right elementor-widget elementor-widget-button\" data-id=\"faa74e4\" data-element_type=\"widget\" data-e-type=\"widget\" data-widget_type=\"button.default\">\n\t\t\t\t\t\t\t\t\t\t<a class=\"elementor-button elementor-button-link elementor-size-sm\" href=\"https:\/\/chiriattiviaggi.it\/wp-content\/uploads\/2026\/01\/PRO_17_01_Gestione-delle-Comunic-e-Segnalazioni.pdf\" target=\"_blank\">\n\t\t\t\t\t\t<span class=\"elementor-button-content-wrapper\">\n\t\t\t\t\t\t\t\t\t<span class=\"elementor-button-text\">Gesti\u00f3n de comunicaciones y denuncias<\/span>\n\t\t\t\t\t<\/span>\n\t\t\t\t\t<\/a>\n\t\t\t\t\t\t\t\t<\/div>\n\t\t\t\t<\/div>\n\t\t<div class=\"elementor-element elementor-element-f2b5635 e-con-full e-flex e-con e-child\" data-id=\"f2b5635\" data-element_type=\"container\" data-e-type=\"container\">\n\t\t\t\t<div class=\"elementor-element elementor-element-a8e4be6 elementor-widget elementor-widget-text-editor\" data-id=\"a8e4be6\" data-element_type=\"widget\" data-e-type=\"widget\" data-widget_type=\"text-editor.default\">\n\t\t\t\t\t\t\t\t\t<p>Chiriatti Viaggi es una empresa que opera en el Sector de Alquiler de Autobuses y Transporte P\u00fablico Local desde finales de los a\u00f1os 70.<\/p><p>Inicialmente la actividad se centraba sobre todo en las L\u00edneas de Autobuses en Concesi\u00f3n para el Transporte P\u00fablico Local en la Provincia de Lecce. A lo largo de los a\u00f1os nuestra empresa se ha desarrollado cada vez m\u00e1s en el sector del Alquiler de Autobuses y Minibuses Gran Turismo, Alquiler desde Cochera con Conductor, Alquiler de Autom\u00f3viles con y sin conductor. La experiencia en el sector adquirida en m\u00e1s de 30 a\u00f1os de actividad, sit\u00faa a nuestra empresa como una de las realidades m\u00e1s importantes de la Provincia de Lecce y de Puglia.<\/p><p>Desde mediados de los a\u00f1os 90 Chiriatti Viaggi se ocupa de la organizaci\u00f3n de Viajes y Tours en Autob\u00fas Gran Turismo desde Puglia hacia toda Italia y Europa; Tambi\u00e9n en estos a\u00f1os se abren las dos Agencias de Viajes y Turismo denominadas Chiriatti Tour. Las dos sucursales se encuentran una en Minervino di Lecce, sede hist\u00f3rica de la empresa y otra en Galatina, gran centro industrial y comercial situado en el coraz\u00f3n del Salento y a pocos km de Lecce.<\/p>\t\t\t\t\t\t\t\t<\/div>\n\t\t\t\t<\/div>\n\t\t\t\t\t<\/div>\n\t\t\t\t<\/div>\n\t\t<div class=\"elementor-element elementor-element-dd1a072 e-flex e-con-boxed e-con e-parent\" data-id=\"dd1a072\" data-element_type=\"container\" data-e-type=\"container\" data-settings=\"{&quot;background_background&quot;:&quot;classic&quot;}\">\n\t\t\t\t\t<div class=\"e-con-inner\">\n\t\t<div class=\"elementor-element elementor-element-f9bf1fb e-con-full e-flex e-con e-child\" data-id=\"f9bf1fb\" data-element_type=\"container\" data-e-type=\"container\" data-settings=\"{&quot;background_background&quot;:&quot;classic&quot;}\">\n\t\t\t\t<div class=\"elementor-element elementor-element-e8d7fa2 elementor-widget elementor-widget-text-editor\" data-id=\"e8d7fa2\" data-element_type=\"widget\" data-e-type=\"widget\" data-widget_type=\"text-editor.default\">\n\t\t\t\t\t\t\t\t\t<p>La sede de Minervino di Lecce es el cuartel general de los Servicios de Autob\u00fas y Alquiler adem\u00e1s de la de las L\u00edneas de Autobuses, pero tambi\u00e9n desarrolla actividad normal de Agencia de Viajes al P\u00fablico. Actualmente la Divisi\u00f3n de Autob\u00fas Gran Turismo, Alquiler y L\u00edneas de Autobuses cuenta con unos 48 veh\u00edculos de varios tipos y dimensiones, la actividad se desarrolla en todo el territorio nacional, gracias tambi\u00e9n a la participaci\u00f3n en consorcios que contratan servicios en toda Italia. Chiriatti Viaggi dispone de una sede en Toscana en Grosseto desde donde gestiona numerosos servicios en el territorio nacional y extranjero.<\/p>\t\t\t\t\t\t\t\t<\/div>\n\t\t\t\t<\/div>\n\t\t\t\t\t<\/div>\n\t\t\t\t<\/div>\n\t\t<div class=\"elementor-element elementor-element-af66cf2 e-flex e-con-boxed e-con e-parent\" data-id=\"af66cf2\" data-element_type=\"container\" data-e-type=\"container\">\n\t\t\t\t\t<div class=\"e-con-inner\">\n\t\t\t\t<div class=\"elementor-element elementor-element-33b1329 elementor-widget elementor-widget-text-editor\" data-id=\"33b1329\" data-element_type=\"widget\" data-e-type=\"widget\" data-widget_type=\"text-editor.default\">\n\t\t\t\t\t\t\t\t\t<p>La sede de Galatina adem\u00e1s de ofrecer todos los Servicios de una Agencia de Viajes tradicional, ha desarrollado a lo largo de los a\u00f1os un Sector de Grupos Outgoing e Incoming capaz de ofrecer a Agencias de Viajes, Tour Operadores y Asociaciones Italianas y Extranjeras un apoyo completo en la organizaci\u00f3n de peque\u00f1os y grandes grupos a medida, con un servicio Taylor Made orientado a hacer frente a todas las necesidades del cliente sin dejar ning\u00fan detalle al azar. De esta experiencia nace tambi\u00e9n la parte relativa al Sector de Viajes Incentive que se ha desarrollado en el transcurso de los \u00faltimos a\u00f1os y que ya se ha puesto de manifiesto a trav\u00e9s del apoyo organizativo de numerosos e importantes Eventos que se han desarrollado en el Salento.<\/p><p>Chiriatti Viaggi representa por tanto un Partner Seguro y Fiable para vuestras necesidades en materia de Alquiler, Viajes y Turismo. Ser una Empresa Polifac\u00e9tica nos permite poder responder a diferentes targets de clientela que requieren servicios en el \u00e1mbito del Transporte, Movilidad, pero tambi\u00e9n en el \u00e1mbito Tur\u00edstico, Hotelero y de Restauraci\u00f3n.<\/p>\t\t\t\t\t\t\t\t<\/div>\n\t\t\t\t\t<\/div>\n\t\t\t\t<\/div>\n\t\t\t\t<\/div>\n\t\t","protected":false},"excerpt":{"rendered":"<p>https:\/\/chiriattiviaggi.it\/wp-content\/uploads\/2025\/12\/2384029_Aerial_Aerial_Shot_1920x1080.mp4 Viajes y tours Qui\u00e9nes somos Denuncias Whistleblowing Pol\u00edtica de igualdad de g\u00e9nero Pol\u00edtica empresarial Gesti\u00f3n de comunicaciones y denuncias Chiriatti Viaggi es una empresa que opera en el Sector de Alquiler de Autobuses y Transporte P\u00fablico Local desde finales de los a\u00f1os 70. Inicialmente la actividad se centraba sobre todo en las L\u00edneas de [&hellip;]<\/p>\n","protected":false},"author":1,"featured_media":0,"parent":0,"menu_order":0,"comment_status":"closed","ping_status":"closed","template":"","meta":{"_acf_changed":false,"footnotes":""},"class_list":["post-613","page","type-page","status-publish","hentry"],"acf":[],"_links":{"self":[{"href":"https:\/\/chiriattiviaggi.it\/es\/wp-json\/wp\/v2\/pages\/613","targetHints":{"allow":["GET"]}}],"collection":[{"href":"https:\/\/chiriattiviaggi.it\/es\/wp-json\/wp\/v2\/pages"}],"about":[{"href":"https:\/\/chiriattiviaggi.it\/es\/wp-json\/wp\/v2\/types\/page"}],"author":[{"embeddable":true,"href":"https:\/\/chiriattiviaggi.it\/es\/wp-json\/wp\/v2\/users\/1"}],"replies":[{"embeddable":true,"href":"https:\/\/chiriattiviaggi.it\/es\/wp-json\/wp\/v2\/comments?post=613"}],"version-history":[{"count":1,"href":"https:\/\/chiriattiviaggi.it\/es\/wp-json\/wp\/v2\/pages\/613\/revisions"}],"predecessor-version":[{"id":616,"href":"https:\/\/chiriattiviaggi.it\/es\/wp-json\/wp\/v2\/pages\/613\/revisions\/616"}],"wp:attachment":[{"href":"https:\/\/chiriattiviaggi.it\/es\/wp-json\/wp\/v2\/media?parent=613"}],"curies":[{"name":"wp","href":"https:\/\/api.w.org\/{rel}","templated":true}]}}