{"id":645,"date":"2025-11-26T08:47:54","date_gmt":"2025-11-26T08:47:54","guid":{"rendered":"https:\/\/chiriattiviaggi.it\/pagina-de-ejemplo\/"},"modified":"2026-02-05T15:06:22","modified_gmt":"2026-02-05T15:06:22","slug":"pagina-de-ejemplo","status":"publish","type":"page","link":"https:\/\/chiriattiviaggi.it\/es\/pagina-de-ejemplo\/","title":{"rendered":"P\u00e1gina de ejemplo"},"content":{"rendered":"\n<p>Esta es una p\u00e1gina de ejemplo. Es diferente de una entrada de blog porque permanecer\u00e1 en un solo lugar y aparecer\u00e1 en la navegaci\u00f3n de tu sitio (en la mayor\u00eda de los temas). La mayor\u00eda de la gente empieza con una p\u00e1gina \u00abAcerca de\u00bb que les presenta a los visitantes potenciales del sitio. Podr\u00eda decir algo como esto:<\/p>\n\n<blockquote class=\"wp-block-quote is-layout-flow wp-block-quote-is-layout-flow\"><p>\u00a1Hola! Soy mensajero en bicicleta de d\u00eda, aspirante a actor de noche, y este es mi sitio web. Vivo en Los \u00c1ngeles, tengo un perro genial llamado Jack y me gustan las pi\u00f1as coladas. (Y que me pille la lluvia).<\/p><\/blockquote>\n\n<p>&#8230;o algo como esto:<\/p>\n\n<blockquote class=\"wp-block-quote is-layout-flow wp-block-quote-is-layout-flow\"><p>La empresa XYZ Doohickey se fund\u00f3 en 1971 y ha estado proporcionando doohickeys de calidad al p\u00fablico desde entonces. Ubicada en Gotham City, XYZ emplea a m\u00e1s de 2.000 personas y hace todo tipo de cosas incre\u00edbles para la comunidad de Gotham.<\/p><\/blockquote>\n\n<p>Como nuevo usuario de WordPress, deber\u00edas ir a <a href=\"https:\/\/chiriattiviaggi.it\/wp-admin\/\">tu escritorio<\/a> para eliminar esta p\u00e1gina y crear nuevas p\u00e1ginas para tu contenido. \u00a1Que te diviertas!<\/p>\n","protected":false},"excerpt":{"rendered":"<p>Esta es una p\u00e1gina de ejemplo. Es diferente de una entrada de blog porque permanecer\u00e1 en un solo lugar y aparecer\u00e1 en la navegaci\u00f3n de tu sitio (en la mayor\u00eda de los temas). La mayor\u00eda de la gente empieza con una p\u00e1gina \u00abAcerca de\u00bb que les presenta a los visitantes potenciales del sitio. Podr\u00eda decir [&hellip;]<\/p>\n","protected":false},"author":1,"featured_media":0,"parent":0,"menu_order":0,"comment_status":"closed","ping_status":"open","template":"","meta":{"_acf_changed":false,"footnotes":""},"class_list":["post-645","page","type-page","status-publish","hentry"],"acf":[],"_links":{"self":[{"href":"https:\/\/chiriattiviaggi.it\/es\/wp-json\/wp\/v2\/pages\/645","targetHints":{"allow":["GET"]}}],"collection":[{"href":"https:\/\/chiriattiviaggi.it\/es\/wp-json\/wp\/v2\/pages"}],"about":[{"href":"https:\/\/chiriattiviaggi.it\/es\/wp-json\/wp\/v2\/types\/page"}],"author":[{"embeddable":true,"href":"https:\/\/chiriattiviaggi.it\/es\/wp-json\/wp\/v2\/users\/1"}],"replies":[{"embeddable":true,"href":"https:\/\/chiriattiviaggi.it\/es\/wp-json\/wp\/v2\/comments?post=645"}],"version-history":[{"count":1,"href":"https:\/\/chiriattiviaggi.it\/es\/wp-json\/wp\/v2\/pages\/645\/revisions"}],"predecessor-version":[{"id":651,"href":"https:\/\/chiriattiviaggi.it\/es\/wp-json\/wp\/v2\/pages\/645\/revisions\/651"}],"wp:attachment":[{"href":"https:\/\/chiriattiviaggi.it\/es\/wp-json\/wp\/v2\/media?parent=645"}],"curies":[{"name":"wp","href":"https:\/\/api.w.org\/{rel}","templated":true}]}}