{"id":480,"date":"2025-12-01T10:36:15","date_gmt":"2025-12-01T10:36:15","guid":{"rendered":"https:\/\/chiriattiviaggi.it\/qui-sommes-nous\/"},"modified":"2026-02-05T15:02:59","modified_gmt":"2026-02-05T15:02:59","slug":"qui-sommes-nous","status":"publish","type":"page","link":"https:\/\/chiriattiviaggi.it\/fr\/qui-sommes-nous\/","title":{"rendered":"Qui sommes-nous"},"content":{"rendered":"\t\t<div data-elementor-type=\"wp-page\" data-elementor-id=\"480\" class=\"elementor elementor-480 elementor-43\" data-elementor-post-type=\"page\">\n\t\t\t\t<div class=\"elementor-element elementor-element-b0239de e-con-full e-flex e-con e-parent\" data-id=\"b0239de\" data-element_type=\"container\" data-e-type=\"container\">\n\t\t\t\t<div class=\"elementor-element elementor-element-d404fac elementor-widget elementor-widget-video\" data-id=\"d404fac\" data-element_type=\"widget\" data-e-type=\"widget\" data-settings=\"{&quot;video_type&quot;:&quot;hosted&quot;,&quot;autoplay&quot;:&quot;yes&quot;,&quot;mute&quot;:&quot;yes&quot;,&quot;loop&quot;:&quot;yes&quot;}\" data-widget_type=\"video.default\">\n\t\t\t\t\t\t\t<div class=\"e-hosted-video elementor-wrapper elementor-open-inline\">\n\t\t\t\t\t<video class=\"elementor-video\" src=\"https:\/\/chiriattiviaggi.it\/wp-content\/uploads\/2025\/12\/2384029_Aerial_Aerial_Shot_1920x1080.mp4\" autoplay=\"\" loop=\"\" muted=\"muted\" controlsList=\"nodownload\"><\/video>\n\t\t\t\t<\/div>\n\t\t\t\t\t\t<\/div>\n\t\t\t\t<\/div>\n\t\t<div class=\"elementor-element elementor-element-7b53664 e-flex e-con-boxed e-con e-parent\" data-id=\"7b53664\" data-element_type=\"container\" data-e-type=\"container\">\n\t\t\t\t\t<div class=\"e-con-inner\">\n\t\t<div class=\"elementor-element elementor-element-9ff15aa e-con-full e-flex e-con e-child\" data-id=\"9ff15aa\" data-element_type=\"container\" data-e-type=\"container\">\n\t\t\t\t<div class=\"elementor-element elementor-element-3439a1c elementor-widget elementor-widget-heading\" data-id=\"3439a1c\" data-element_type=\"widget\" data-e-type=\"widget\" data-widget_type=\"heading.default\">\n\t\t\t\t\t<h1 class=\"elementor-heading-title elementor-size-default\">Voyages et circuits<\/h1>\t\t\t\t<\/div>\n\t\t\t\t<div class=\"elementor-element elementor-element-6e2a5a0 elementor-widget elementor-widget-heading\" data-id=\"6e2a5a0\" data-element_type=\"widget\" data-e-type=\"widget\" data-widget_type=\"heading.default\">\n\t\t\t\t\t<h1 class=\"elementor-heading-title elementor-size-default\">Qui sommes-nous<\/h1>\t\t\t\t<\/div>\n\t\t\t\t<div class=\"elementor-element elementor-element-f56b606 elementor-align-right elementor-widget elementor-widget-button\" data-id=\"f56b606\" data-element_type=\"widget\" data-e-type=\"widget\" data-widget_type=\"button.default\">\n\t\t\t\t\t\t\t\t\t\t<a class=\"elementor-button elementor-button-link elementor-size-sm\" href=\"https:\/\/chiriattiviaggi.it\/wp-content\/uploads\/2026\/01\/Mod_17.2-Segnalazioni-Whisteblowing.pdf\" target=\"_blank\">\n\t\t\t\t\t\t<span class=\"elementor-button-content-wrapper\">\n\t\t\t\t\t\t\t\t\t<span class=\"elementor-button-text\">Signalements Whistleblowing<\/span>\n\t\t\t\t\t<\/span>\n\t\t\t\t\t<\/a>\n\t\t\t\t\t\t\t\t<\/div>\n\t\t\t\t<div class=\"elementor-element elementor-element-ec4261f elementor-align-right elementor-widget elementor-widget-button\" data-id=\"ec4261f\" data-element_type=\"widget\" data-e-type=\"widget\" data-widget_type=\"button.default\">\n\t\t\t\t\t\t\t\t\t\t<a class=\"elementor-button elementor-button-link elementor-size-sm\" href=\"https:\/\/chiriattiviaggi.it\/wp-content\/uploads\/2026\/01\/Mod_PLA_00_Politica-Parita\u0300-di-Genere_it.pdf\" target=\"_blank\">\n\t\t\t\t\t\t<span class=\"elementor-button-content-wrapper\">\n\t\t\t\t\t\t\t\t\t<span class=\"elementor-button-text\">Politique d'\u00e9galit\u00e9 des genres<\/span>\n\t\t\t\t\t<\/span>\n\t\t\t\t\t<\/a>\n\t\t\t\t\t\t\t\t<\/div>\n\t\t\t\t<div class=\"elementor-element elementor-element-775b1ba elementor-align-right elementor-widget elementor-widget-button\" data-id=\"775b1ba\" data-element_type=\"widget\" data-e-type=\"widget\" data-widget_type=\"button.default\">\n\t\t\t\t\t\t\t\t\t\t<a class=\"elementor-button elementor-button-link elementor-size-sm\" href=\"https:\/\/chiriattiviaggi.it\/wp-content\/uploads\/2026\/01\/Mod_PLA_02_Politica-Aziendale.pdf\" target=\"_blank\">\n\t\t\t\t\t\t<span class=\"elementor-button-content-wrapper\">\n\t\t\t\t\t\t\t\t\t<span class=\"elementor-button-text\">Politique d'entreprise<\/span>\n\t\t\t\t\t<\/span>\n\t\t\t\t\t<\/a>\n\t\t\t\t\t\t\t\t<\/div>\n\t\t\t\t<div class=\"elementor-element elementor-element-faa74e4 elementor-align-right elementor-widget elementor-widget-button\" data-id=\"faa74e4\" data-element_type=\"widget\" data-e-type=\"widget\" data-widget_type=\"button.default\">\n\t\t\t\t\t\t\t\t\t\t<a class=\"elementor-button elementor-button-link elementor-size-sm\" href=\"https:\/\/chiriattiviaggi.it\/wp-content\/uploads\/2026\/01\/PRO_17_01_Gestione-delle-Comunic-e-Segnalazioni.pdf\" target=\"_blank\">\n\t\t\t\t\t\t<span class=\"elementor-button-content-wrapper\">\n\t\t\t\t\t\t\t\t\t<span class=\"elementor-button-text\">Gestion des communications et signalements<\/span>\n\t\t\t\t\t<\/span>\n\t\t\t\t\t<\/a>\n\t\t\t\t\t\t\t\t<\/div>\n\t\t\t\t<\/div>\n\t\t<div class=\"elementor-element elementor-element-f2b5635 e-con-full e-flex e-con e-child\" data-id=\"f2b5635\" data-element_type=\"container\" data-e-type=\"container\">\n\t\t\t\t<div class=\"elementor-element elementor-element-a8e4be6 elementor-widget elementor-widget-text-editor\" data-id=\"a8e4be6\" data-element_type=\"widget\" data-e-type=\"widget\" data-widget_type=\"text-editor.default\">\n\t\t\t\t\t\t\t\t\t<p>Chiriatti Viaggi est une soci\u00e9t\u00e9 qui op\u00e8re dans le secteur de la location d&rsquo;autobus et du transport public local depuis la fin des ann\u00e9es 70.<\/p><p>Initialement, l&rsquo;activit\u00e9 \u00e9tait principalement ax\u00e9e sur les lignes d&rsquo;autobus en concession pour le transport public local dans la province de Lecce. Au fil des ann\u00e9es, notre soci\u00e9t\u00e9 s&rsquo;est de plus en plus d\u00e9velopp\u00e9e dans le secteur de la location d&rsquo;autobus et de minibus grand tourisme, location avec chauffeur depuis le d\u00e9p\u00f4t, location de voitures avec et sans chauffeur. L&rsquo;exp\u00e9rience acquise dans le secteur au cours de plus de 30 ann\u00e9es d&rsquo;activit\u00e9 place notre soci\u00e9t\u00e9 parmi les r\u00e9alit\u00e9s les plus importantes de la province de Lecce et des Pouilles.<\/p><p>Depuis le milieu des ann\u00e9es 90, Chiriatti Viaggi s&rsquo;occupe de l&rsquo;organisation de voyages et circuits en autobus grand tourisme depuis les Pouilles vers toute l&rsquo;Italie et l&rsquo;Europe ; C&rsquo;est \u00e9galement durant ces ann\u00e9es que sont ouvertes les deux agences de voyages et tourisme d\u00e9nomm\u00e9es Chiriatti Tour. Les deux filiales se trouvent l&rsquo;une \u00e0 Minervino di Lecce, si\u00e8ge historique de l&rsquo;entreprise, et l&rsquo;autre \u00e0 Galatina, important centre industriel et commercial situ\u00e9 au c\u0153ur du Salento et \u00e0 quelques kilom\u00e8tres de Lecce.<\/p>\t\t\t\t\t\t\t\t<\/div>\n\t\t\t\t<\/div>\n\t\t\t\t\t<\/div>\n\t\t\t\t<\/div>\n\t\t<div class=\"elementor-element elementor-element-dd1a072 e-flex e-con-boxed e-con e-parent\" data-id=\"dd1a072\" data-element_type=\"container\" data-e-type=\"container\" data-settings=\"{&quot;background_background&quot;:&quot;classic&quot;}\">\n\t\t\t\t\t<div class=\"e-con-inner\">\n\t\t<div class=\"elementor-element elementor-element-f9bf1fb e-con-full e-flex e-con e-child\" data-id=\"f9bf1fb\" data-element_type=\"container\" data-e-type=\"container\" data-settings=\"{&quot;background_background&quot;:&quot;classic&quot;}\">\n\t\t\t\t<div class=\"elementor-element elementor-element-e8d7fa2 elementor-widget elementor-widget-text-editor\" data-id=\"e8d7fa2\" data-element_type=\"widget\" data-e-type=\"widget\" data-widget_type=\"text-editor.default\">\n\t\t\t\t\t\t\t\t\t<p>Le si\u00e8ge de Minervino di Lecce est le quartier g\u00e9n\u00e9ral des services d&rsquo;autobus et de location ainsi que celui des lignes d&rsquo;autobus, mais exerce \u00e9galement une activit\u00e9 normale d&rsquo;agence de voyages au public. Actuellement, la branche autobus grand tourisme, location et lignes d&rsquo;autobus compte environ 48 v\u00e9hicules de diff\u00e9rents types et dimensions, l&rsquo;activit\u00e9 est exerc\u00e9e sur tout le territoire national, gr\u00e2ce \u00e9galement \u00e0 la participation \u00e0 des consortiums qui adjugent des services dans toute l&rsquo;Italie. Chiriatti Viaggi dispose d&rsquo;un si\u00e8ge en Toscane \u00e0 Grosseto d&rsquo;o\u00f9 elle g\u00e8re de nombreux services sur le territoire national et \u00e0 l&rsquo;\u00e9tranger.<\/p>\t\t\t\t\t\t\t\t<\/div>\n\t\t\t\t<\/div>\n\t\t\t\t\t<\/div>\n\t\t\t\t<\/div>\n\t\t<div class=\"elementor-element elementor-element-af66cf2 e-flex e-con-boxed e-con e-parent\" data-id=\"af66cf2\" data-element_type=\"container\" data-e-type=\"container\">\n\t\t\t\t\t<div class=\"e-con-inner\">\n\t\t\t\t<div class=\"elementor-element elementor-element-33b1329 elementor-widget elementor-widget-text-editor\" data-id=\"33b1329\" data-element_type=\"widget\" data-e-type=\"widget\" data-widget_type=\"text-editor.default\">\n\t\t\t\t\t\t\t\t\t<p>Le si\u00e8ge de Galatina, en plus d&rsquo;offrir tous les services d&rsquo;une agence de voyages traditionnelle, a d\u00e9velopp\u00e9 au fil des ann\u00e9es un secteur groupes sortants et entrants capable d&rsquo;offrir aux agences de voyages, tour-op\u00e9rateurs et associations italiennes et \u00e9trang\u00e8res un support complet dans l&rsquo;organisation de petits et grands groupes sur mesure, avec un service sur mesure visant \u00e0 r\u00e9pondre \u00e0 tous les besoins du client sans laisser aucun d\u00e9tail au hasard. De cette exp\u00e9rience na\u00eet \u00e9galement la partie relative au secteur des voyages incentive qui a \u00e9t\u00e9 d\u00e9velopp\u00e9e au cours des derni\u00e8res ann\u00e9es et qui s&rsquo;est d\u00e9j\u00e0 distingu\u00e9e gr\u00e2ce au support organisationnel de nombreux \u00e9v\u00e9nements importants qui se sont d\u00e9roul\u00e9s dans le Salento.<\/p><p>Chiriatti Viaggi repr\u00e9sente donc un partenaire s\u00fbr et fiable pour vos besoins en mati\u00e8re de location, voyages et tourisme. \u00catre une entreprise polyvalente nous permet de pouvoir r\u00e9pondre \u00e0 diff\u00e9rents types de client\u00e8le qui demandent des services dans le domaine du transport, de la mobilit\u00e9, mais aussi dans le domaine touristique, h\u00f4telier et de la restauration.<\/p>\t\t\t\t\t\t\t\t<\/div>\n\t\t\t\t\t<\/div>\n\t\t\t\t<\/div>\n\t\t\t\t<\/div>\n\t\t","protected":false},"excerpt":{"rendered":"<p>https:\/\/chiriattiviaggi.it\/wp-content\/uploads\/2025\/12\/2384029_Aerial_Aerial_Shot_1920x1080.mp4 Voyages et circuits Qui sommes-nous Signalements Whistleblowing Politique d&rsquo;\u00e9galit\u00e9 des genres Politique d&rsquo;entreprise Gestion des communications et signalements Chiriatti Viaggi est une soci\u00e9t\u00e9 qui op\u00e8re dans le secteur de la location d&rsquo;autobus et du transport public local depuis la fin des ann\u00e9es 70. Initialement, l&rsquo;activit\u00e9 \u00e9tait principalement ax\u00e9e sur les lignes d&rsquo;autobus en concession [&hellip;]<\/p>\n","protected":false},"author":1,"featured_media":0,"parent":0,"menu_order":0,"comment_status":"closed","ping_status":"closed","template":"","meta":{"_acf_changed":false,"footnotes":""},"class_list":["post-480","page","type-page","status-publish","hentry"],"acf":[],"_links":{"self":[{"href":"https:\/\/chiriattiviaggi.it\/fr\/wp-json\/wp\/v2\/pages\/480","targetHints":{"allow":["GET"]}}],"collection":[{"href":"https:\/\/chiriattiviaggi.it\/fr\/wp-json\/wp\/v2\/pages"}],"about":[{"href":"https:\/\/chiriattiviaggi.it\/fr\/wp-json\/wp\/v2\/types\/page"}],"author":[{"embeddable":true,"href":"https:\/\/chiriattiviaggi.it\/fr\/wp-json\/wp\/v2\/users\/1"}],"replies":[{"embeddable":true,"href":"https:\/\/chiriattiviaggi.it\/fr\/wp-json\/wp\/v2\/comments?post=480"}],"version-history":[{"count":1,"href":"https:\/\/chiriattiviaggi.it\/fr\/wp-json\/wp\/v2\/pages\/480\/revisions"}],"predecessor-version":[{"id":487,"href":"https:\/\/chiriattiviaggi.it\/fr\/wp-json\/wp\/v2\/pages\/480\/revisions\/487"}],"wp:attachment":[{"href":"https:\/\/chiriattiviaggi.it\/fr\/wp-json\/wp\/v2\/media?parent=480"}],"curies":[{"name":"wp","href":"https:\/\/api.w.org\/{rel}","templated":true}]}}